{"id":700,"date":"2023-01-12T08:26:06","date_gmt":"2023-01-12T07:26:06","guid":{"rendered":"https:\/\/altolandon.com\/winery\/"},"modified":"2023-01-25T10:42:07","modified_gmt":"2023-01-25T09:42:07","slug":"winery","status":"publish","type":"page","link":"https:\/\/altolandon.com\/en\/winery\/","title":{"rendered":"Winery"},"content":{"rendered":"<div class=\"gb-container gb-container-87a86a11\"><div class=\"gb-inside-container\">\n<div class=\"gb-grid-wrapper gb-grid-wrapper-4653b060\">\n<div class=\"gb-grid-column gb-grid-column-731270bc\"><div class=\"gb-container gb-container-731270bc\"><div class=\"gb-inside-container\">\n\n<p class=\"gb-headline gb-headline-532c1fd3 gb-headline-text\">&#8211; Altolandon Winery &#8211;<\/p>\n\n\n\n<h2 class=\"gb-headline gb-headline-9306849b gb-headline-text\">The place<\/h2>\n\n\n\n<p class=\"gb-headline gb-headline-1547af88 gb-headline-text\">The grape reaches a high degree of perfection. The result: wines with their own personality.<\/p>\n\n\n\n<p class=\"gb-headline gb-headline-9ad97818 gb-headline-text\">Located in Landete, in the province of Cuenca, at an intermediate point between three provinces: Valencia, Cuenca and Teruel, at an altitude of 1100 metres, at the highest point.<br>The estate has a total of 200 hectares and the winery is located in the middle of them.<br>ALTOLANDON&#8217;s philosophy is to make quality wines and, therefore, quality grapes, which is why we take the utmost care of everything to do with the vineyard from the moment it is planted, choosing the varieties, rootstock and clones that are best suited to our climate and each type of soil.<\/p>\n\n\n\n<p class=\"gb-headline gb-headline-70699e23 gb-headline-text\">The highlands have the ideal conditions for high quality production, giving the wines unique and special characteristics in the world. The wine is born from the grape, but the altitude at which it is grown and the terroir from which it comes are fundamental to the final result.<\/p>\n\n\n\n<p class=\"gb-headline gb-headline-b3ca69a2 gb-headline-text\">The higher the altitude, the more and better the solar radiation and thus the greater the thermal amplitude. The higher the altitude, the more tannins. The altitude provides a refreshing effect that increases the acidity indexes thanks to the thermal amplitude. Accumulation of aromas and flavours.<\/p>\n\n\n\n<p class=\"gb-headline gb-headline-f243d810 gb-headline-text\">These climatic conditions mean that during the last months of the gestation period, the grapes ripen slowly and over a long period of time. This results in smaller berries with a higher proportion of skin than pulp, which is essential for red wines, as the tannins are found in the skin. The wines from these grapes offer great variety of colour, breadth and depth of aromas and great complexity on the palate. They are also much more suitable for ageing in barrels, because the higher the acidity and proportion of tannins, the greater the possibility of obtaining wines for ageing.<\/p>\n\n\n\n<p class=\"gb-headline gb-headline-c68150ff gb-headline-text\">The grape reaches a high degree of perfection. The result: wines with their own personality:<\/p>\n\n\n\n<p class=\"gb-headline gb-headline-2ff02c16 gb-headline-text\">WE MAKE THE WINE IN THE GRAPE<\/p>\n\n<\/div><\/div><\/div>\n\n<div class=\"gb-grid-column gb-grid-column-4ea5eecc\"><div class=\"gb-container gb-container-4ea5eecc\"><div class=\"gb-inside-container\">\n\n<figure class=\"gb-block-image gb-block-image-faa7532b\"><img loading=\"lazy\" decoding=\"async\" width=\"440\" height=\"290\" class=\"gb-image gb-image-faa7532b\" src=\"https:\/\/altolandon.com\/wp-content\/uploads\/el-lugar-1.webp\" alt=\"El lugar 1\" title=\"el-lugar-1\" data-aos=\"fade\" srcset=\"https:\/\/altolandon.com\/wp-content\/uploads\/el-lugar-1.webp 440w, https:\/\/altolandon.com\/wp-content\/uploads\/el-lugar-1-200x132.webp 200w, https:\/\/altolandon.com\/wp-content\/uploads\/el-lugar-1-300x198.webp 300w\" sizes=\"auto, (max-width: 440px) 100vw, 440px\" \/><\/figure>\n\n\n\n<figure class=\"gb-block-image gb-block-image-27936e86\"><img loading=\"lazy\" decoding=\"async\" width=\"440\" height=\"290\" class=\"gb-image gb-image-27936e86\" src=\"https:\/\/altolandon.com\/wp-content\/uploads\/el-lugar-2.webp\" alt=\"El lugar 2\" title=\"el-lugar-2\" data-aos=\"fade\" data-aos-delay=\"600\" srcset=\"https:\/\/altolandon.com\/wp-content\/uploads\/el-lugar-2.webp 440w, https:\/\/altolandon.com\/wp-content\/uploads\/el-lugar-2-200x132.webp 200w, https:\/\/altolandon.com\/wp-content\/uploads\/el-lugar-2-300x198.webp 300w\" sizes=\"auto, (max-width: 440px) 100vw, 440px\" \/><\/figure>\n\n\n\n<figure class=\"gb-block-image gb-block-image-d48918ec\"><img loading=\"lazy\" decoding=\"async\" width=\"440\" height=\"290\" class=\"gb-image gb-image-d48918ec\" src=\"https:\/\/altolandon.com\/wp-content\/uploads\/el-lugar-3.webp\" alt=\"El lugar 3\" title=\"el-lugar-3\" data-aos=\"fade\" data-aos-delay=\"300\" srcset=\"https:\/\/altolandon.com\/wp-content\/uploads\/el-lugar-3.webp 440w, https:\/\/altolandon.com\/wp-content\/uploads\/el-lugar-3-200x132.webp 200w, https:\/\/altolandon.com\/wp-content\/uploads\/el-lugar-3-300x198.webp 300w\" sizes=\"auto, (max-width: 440px) 100vw, 440px\" \/><\/figure>\n\n<\/div><\/div><\/div>\n<\/div>\n<\/div><\/div><div class=\"gb-container gb-container-b4ea9a39\"><div class=\"gb-inside-container\">\n<div class=\"gb-grid-wrapper gb-grid-wrapper-e9d96169\">\n<div class=\"gb-grid-column gb-grid-column-a5b793cb\"><div class=\"gb-container gb-container-a5b793cb\"><div class=\"gb-inside-container\"><\/div><\/div><\/div>\n\n<div class=\"gb-grid-column gb-grid-column-7d5f73af\"><div class=\"gb-container gb-container-7d5f73af\"><div class=\"gb-inside-container\">\n\n<h2 class=\"gb-headline gb-headline-3f7d0b74 gb-headline-text\">Organic farming<\/h2>\n\n\n\n<p class=\"gb-headline gb-headline-63a2342e gb-headline-text\">At Altolandon we are respectful of the environment, which is why all our plots are cultivated organically.<\/p>\n\n\n\n<p class=\"gb-headline gb-headline-6f377400 gb-headline-text\">At high altitudes, the winds clean the air and the vegetation enjoys excellent health thanks to the absence of pesticides. In addition, soil fertility is only stimulated by natural fertilisers.<\/p>\n\n\n\n<p class=\"gb-headline gb-headline-83dacea0 gb-headline-text\">&#8230; The grapes have to express themselves in the wine and show the characteristics of the place they come from, without make-up or additives.<\/p>\n\n<\/div><\/div><\/div>\n<\/div>\n<\/div><\/div><div class=\"gb-container gb-container-a7b4f419\" data-aos=\"fade-left\"><div class=\"gb-inside-container\">\n<div class=\"gb-grid-wrapper gb-grid-wrapper-d81ff62e\">\n<div class=\"gb-grid-column gb-grid-column-729cd416\"><div class=\"gb-container gb-container-729cd416\"><div class=\"gb-inside-container\">\n\n<h2 class=\"gb-headline gb-headline-8dc12704 gb-headline-text\">Soils<\/h2>\n\n\n\n<p class=\"gb-headline gb-headline-e22e34eb gb-headline-text\">The whole farm is separated according to varieties and soil types. A study was carried out prior to planting to indicate which varieties would be the most suitable for each of the different types of soil, &#8230; Poor and unproductive soils, sandy loam and stony soils.<\/p>\n\n\n\n<p class=\"gb-headline gb-headline-6b3e885f gb-headline-text\">Each of the different soils gives the grapes different &#8220;nuances&#8221;, which are what make the wines have particular characteristics of the place they come from. ALTOLANDON&#8217;s philosophy is to make quality wines and, therefore, quality grapes, which is why we take the utmost care of everything to do with the vineyard from the moment it is planted, choosing the varieties, rootstock and clones that are best suited to our climate and each type of soil.<\/p>\n\n<\/div><\/div><\/div>\n\n<div class=\"gb-grid-column gb-grid-column-c77468e7\"><div class=\"gb-container gb-container-c77468e7\"><div class=\"gb-inside-container\">\n\n<figure class=\"gb-block-image gb-block-image-6b15f77a\"><img loading=\"lazy\" decoding=\"async\" width=\"440\" height=\"290\" class=\"gb-image gb-image-6b15f77a\" src=\"https:\/\/altolandon.com\/wp-content\/uploads\/suelos-1.webp\" alt=\"Suelos 1\" title=\"suelos-1\" srcset=\"https:\/\/altolandon.com\/wp-content\/uploads\/suelos-1.webp 440w, https:\/\/altolandon.com\/wp-content\/uploads\/suelos-1-200x132.webp 200w, https:\/\/altolandon.com\/wp-content\/uploads\/suelos-1-300x198.webp 300w\" sizes=\"auto, (max-width: 440px) 100vw, 440px\" \/><\/figure>\n\n\n\n<figure class=\"gb-block-image gb-block-image-b72f9b59\"><img loading=\"lazy\" decoding=\"async\" width=\"440\" height=\"290\" class=\"gb-image gb-image-b72f9b59\" src=\"https:\/\/altolandon.com\/wp-content\/uploads\/suelos-2.webp\" alt=\"Suelos 2\" title=\"suelos-2\" srcset=\"https:\/\/altolandon.com\/wp-content\/uploads\/suelos-2.webp 440w, https:\/\/altolandon.com\/wp-content\/uploads\/suelos-2-200x132.webp 200w, https:\/\/altolandon.com\/wp-content\/uploads\/suelos-2-300x198.webp 300w\" sizes=\"auto, (max-width: 440px) 100vw, 440px\" \/><\/figure>\n\n<\/div><\/div><\/div>\n<\/div>\n<\/div><\/div><div class=\"gb-container gb-container-8c009187\"><div class=\"gb-inside-container\">\n<div class=\"gb-grid-wrapper gb-grid-wrapper-83cc6145\">\n<div class=\"gb-grid-column gb-grid-column-0840b8b0\"><div class=\"gb-container gb-container-0840b8b0\"><div class=\"gb-inside-container\">\n\n<h2 class=\"gb-headline gb-headline-fb027f2a gb-headline-text\">The Varieties<\/h2>\n\n\n\n<p class=\"gb-headline gb-headline-bac0673d gb-headline-text\">We have a wide selection of varieties such as Malbec, Syrah, Garnacha, Merlot, Tempranillo, Cabernet Sauvignon, Cabernet Franc as reds and Chardonnay or Moscatel Petit-Grain as white varieties, all selected and adapted to the terrain in which they are located.<\/p>\n\n\n\n<p class=\"gb-headline gb-headline-018c2fce gb-headline-text\">The plants are placed on 2.30 metre high trellises, which results in a very large leaf mass. La densidad de plantaci\u00f3n es de 4.000 plantas por hect\u00e1rea, con lo que se consigue que exista una competencia entre las ra\u00edces, y obtener as\u00ed unas uvas m\u00e1s peque\u00f1as y de mayor calidad. Only organic processes are used in cultivation.<\/p>\n\n\n\n<p class=\"gb-headline gb-headline-5f47fe44 gb-headline-text\">Water, soil fertility stimulated only with natural fertilisers, totally ecological treatments, as well as meticulous work during the year such as lifting the vegetation up to three times, leaf removal to ensure perfect ripening of the grapes, green pruning to limit yields to a maximum of 1.5 kg. Per vine for the benefit of a strong concentration of aromas and flavours in our harvests.<\/p>\n\n<\/div><\/div><\/div>\n\n<div class=\"gb-grid-column gb-grid-column-137f9bf0\"><div class=\"gb-container gb-container-137f9bf0\"><div class=\"gb-inside-container\"><\/div><\/div><\/div>\n<\/div>\n<\/div><\/div>","protected":false},"excerpt":{"rendered":"","protected":false},"author":1,"featured_media":630,"parent":0,"menu_order":0,"comment_status":"closed","ping_status":"closed","template":"","meta":{"inline_featured_image":false,"footnotes":""},"class_list":["post-700","page","type-page","status-publish","has-post-thumbnail"],"_links":{"self":[{"href":"https:\/\/altolandon.com\/en\/wp-json\/wp\/v2\/pages\/700","targetHints":{"allow":["GET"]}}],"collection":[{"href":"https:\/\/altolandon.com\/en\/wp-json\/wp\/v2\/pages"}],"about":[{"href":"https:\/\/altolandon.com\/en\/wp-json\/wp\/v2\/types\/page"}],"author":[{"embeddable":true,"href":"https:\/\/altolandon.com\/en\/wp-json\/wp\/v2\/users\/1"}],"replies":[{"embeddable":true,"href":"https:\/\/altolandon.com\/en\/wp-json\/wp\/v2\/comments?post=700"}],"version-history":[{"count":0,"href":"https:\/\/altolandon.com\/en\/wp-json\/wp\/v2\/pages\/700\/revisions"}],"wp:featuredmedia":[{"embeddable":true,"href":"https:\/\/altolandon.com\/en\/wp-json\/wp\/v2\/media\/630"}],"wp:attachment":[{"href":"https:\/\/altolandon.com\/en\/wp-json\/wp\/v2\/media?parent=700"}],"curies":[{"name":"wp","href":"https:\/\/api.w.org\/{rel}","templated":true}]}}